{"id":39,"date":"2021-08-28T09:25:07","date_gmt":"2021-08-28T07:25:07","guid":{"rendered":"https:\/\/legatum.iarthislab.eu\/?page_id=39"},"modified":"2021-09-06T18:49:23","modified_gmt":"2021-09-06T16:49:23","slug":"who","status":"publish","type":"page","link":"https:\/\/legatum.iarthislab.eu\/en_US\/who\/","title":{"rendered":"Who"},"content":{"rendered":"<div class=\"initial-letter\"><p>People involved in <a href=\"https:\/\/legatum.iarthislab.eu\/home\/\">Legatum<\/a> are part of a human group \u2013fortunately increasingly broad\u2013 heavily concerned with respecting and caring for the historical, artistic, cultural and natural heritage of its environment. A short list can be useful to get an overview of their career paths. They all have academic ties, especially with the <a href=\"https:\/\/www.uma.es\" target=\"_blank\" rel=\"noopener\">University of Malaga<\/a>, and share an inordinate interest in thinking about the future of the collective inheritance, learning from the mistakes of the past.<\/p><\/div>\n<hr \/>\n\t\t\t\t\t\t\t\t\t<div class=\"alignright\" style=\"width:175px\">\n\t\t\t\t\t\t<img alt='Nuria Rodr\u00edguez Ortega' src='https:\/\/legatum.iarthislab.eu\/wp-content\/uploads\/2021\/08\/nrod2m2_recortada-150x150.jpg' class='avatar avatar-175 photo' height='175' width='175' \/>\t\t\t\t\t<\/div>\n\t\t\t\t\t\t\t\t<h4><a href=\"https:\/\/legatum.iarthislab.eu\/en_US\/author\/nro\/\">Nuria Rodr\u00edguez Ortega<\/a><\/h4>\n\t\t\t\t<ul style=\"margin-bottom:32px\"><li>University: <a href=\"http:\/\/www.uma.es\/\" target=\"_blank\" rel=\"nofollow\">Universidad de M\u00e1laga [Spain]<\/a><\/li><li>Position: Direcci\u00f3n<\/li><li>ORCID: <a href=\"https:\/\/orcid.org\/0000-0003-3460-397X\" target=\"_blank\" rel=\"nofollow\">0000-0003-3460-397X<\/a><\/li><\/ul>\n\t\t\t\t<p>Nuria Rodr\u00edguez Ortega is Full Professor of Art History and Head of the Art History Department at the University of Malaga where she leads iArtHis_Lab (www.iarthislab.es), a research laboratory focused on the study of Art History and of artistic culture from digital, computational and techno-critical perspectives. Since 2018, she is also the Deputy Director of the M\u00e1laga Foundation Picasso Chair. She has also been a member of the Cutting-Edge Technologies in Humanities Chair and of the Videogames, Gamification and Serious Games Chair at the University of Malaga. She is the founder and coordinator of ReArte.Dix, the first International Network for Digital Studies on Artistic Culture. Since 2017, she is the President of the Sociedad Internacional de Humanidades Digitales Hisp\u00e1nicas (HDH). She is a member of the Academia Europaea in the section of Musicology and Art History. From 2007 to 2013, she was Deputy Director of the Malaga Municipal Heritage Museum.<\/p>\t\t\t\t<hr>\t\t\t\t\t\t\t\t\t\t\t\t<div class=\"alignright\" style=\"width:175px\">\n\t\t\t\t\t\t<img alt='Antonio Cruces Rodr\u00edguez' src='https:\/\/legatum.iarthislab.eu\/wp-content\/uploads\/2021\/08\/WEB-min-150x150.jpeg' class='avatar avatar-175 photo' height='175' width='175' \/>\t\t\t\t\t<\/div>\n\t\t\t\t\t\t\t\t<h4><a href=\"https:\/\/legatum.iarthislab.eu\/en_US\/author\/antonio-cruces\/\">Antonio Cruces Rodr\u00edguez<\/a><\/h4>\n\t\t\t\t<ul style=\"margin-bottom:32px\"><li>1 post<\/li><li>University: <a href=\"http:\/\/www.uma.es\/\" target=\"_blank\" rel=\"nofollow\">Universidad de M\u00e1laga [Spain]<\/a><\/li><li>Position: Personal t\u00e9cnico<\/li><li>ORCID: <a href=\"https:\/\/orcid.org\/0000-0001-6376-9608\" target=\"_blank\" rel=\"nofollow\">0000-0001-6376-9608<\/a><\/li><\/ul>\n\t\t\t\t<p>PhD in Art History by University of M\u00e1laga. University expert in Telematics Engineering from the Polytechnic University of Valencia (1998). Master in Telematics and Telecommunication Networks from the University of Malaga (2012). Technical advisor to the Education Department of the Junta de Andaluc\u00eda (retired).\r<\/p><p>\r<\/p><p>Currently he has a designation as honorary collaborating professor, with venia docendi, in the Art History Department at the University of Malaga.<\/p>\t\t\t\t<hr>\t\t\t\t\t\t\t\t\t\t\t\t<div class=\"alignright\" style=\"width:175px\">\n\t\t\t\t\t\t<img alt='Mar\u00eda Marcos Cobaleda' src='https:\/\/legatum.iarthislab.eu\/wp-content\/uploads\/2021\/08\/mmcobaleda-150x150.jpg' class='avatar avatar-175 photo' height='175' width='175' \/>\t\t\t\t\t<\/div>\n\t\t\t\t\t\t\t\t<h4><a href=\"https:\/\/legatum.iarthislab.eu\/en_US\/author\/mmcobaleda\/\">Mar\u00eda Marcos Cobaleda<\/a><\/h4>\n\t\t\t\t<ul style=\"margin-bottom:32px\"><li>University: <a href=\"http:\/\/www.uma.es\/\" target=\"_blank\" rel=\"nofollow\">Universidad de M\u00e1laga [Spain]<\/a><\/li><li>Position: Investigaci\u00f3n<\/li><li>ORCID: <a href=\"https:\/\/orcid.org\/0000-0002-3742-5913\" target=\"_blank\" rel=\"nofollow\">0000-0002-3742-5913<\/a><\/li><\/ul>\n\t\t\t\t<p>Mar\u00eda MARCOS COBALEDA is PhD in Art History from the University of Granada (2010, Extraordinary Doctorate Award). Specialist in Islamic art and architecture during the late Middle Ages, she has developed her teaching and research at the UGR, the University of Almer\u00eda, the Instituto de Estudos Medievais in the Universidade Nova de Lisboa, the University of M\u00e1laga, the Centre de Recherches Historiques (Paris) and the International Foundation IES Abroad Granada. She was granted a Marie Sk\u0142odowska-Curie Individual Fellowship (MSCA \u2013 H2020) at the Instituto de Estudos Medievais. Currently she is Senior Lecturer at the Art History Department of the University of M\u00e1laga. Her research focuses on the application of Geographic Information Systems (GIS) to Art History. She has developed several research projects about cultural relations and the spread of artistic elements in the Mediterranean framework between the 12th and 15th centuries (highlighting the ArtMedGIS Project: www.fcsh.unl.pt\/artmedgis).<\/p>\t\t\t\t<hr>\t\t\t\t\t\t\t\t\t\t\t\t<div class=\"alignright\" style=\"width:175px\">\n\t\t\t\t\t\t<img alt='Iv\u00e1n de la Torre Amerighi' src='https:\/\/legatum.iarthislab.eu\/wp-content\/uploads\/2021\/08\/ita-150x150.jpg' class='avatar avatar-175 photo' height='175' width='175' \/>\t\t\t\t\t<\/div>\n\t\t\t\t\t\t\t\t<h4><a href=\"https:\/\/legatum.iarthislab.eu\/en_US\/author\/ita\/\">Iv\u00e1n de la Torre Amerighi<\/a><\/h4>\n\t\t\t\t<ul style=\"margin-bottom:32px\"><li>University: <a href=\"http:\/\/www.us.es\/\" target=\"_blank\" rel=\"nofollow\">Universidad de Sevilla [Spain]<\/a><\/li><li>Position: Investigaci\u00f3n<\/li><li>ORCID: <a href=\"https:\/\/orcid.org\/0000-0002-2550-7938\" target=\"_blank\" rel=\"nofollow\">0000-0002-2550-7938<\/a><\/li><\/ul>\n\t\t\t\t<p>PhD and BA in Art History from the University of Sevilla. He has gained the \u2018Introduction to Research\u2019 Grant (Centro Superior de Investigaciones Cient\u00edficas, CSIC, 1999) and the FPDI Grant (University of Sevilla \u2013 Junta de Andaluc\u00eda, 2000\u20132004). He has served as Associate Lecturer of Art History at the universities of Sevilla, Huelva and, currently, M\u00e1laga. His main research lines are the contemporary art in Spain and Andalusia, the interaction between artistic practices and mythological iconographies, the methodologies and problems of art criticism, and exhibition and curatorial techniques and processes.<\/p>\t\t\t\t<hr>\t\t\t\t\t\t\t\t\t\t\t\t<div class=\"alignright\" style=\"width:175px\">\n\t\t\t\t\t\t<img alt='Julia Garc\u00eda Gonz\u00e1lez' src='https:\/\/legatum.iarthislab.eu\/wp-content\/uploads\/2021\/08\/juliagargon-150x150.jpg' class='avatar avatar-175 photo' height='175' width='175' \/>\t\t\t\t\t<\/div>\n\t\t\t\t\t\t\t\t<h4><a href=\"https:\/\/legatum.iarthislab.eu\/en_US\/author\/juliagargon\/\">Julia Garc\u00eda Gonz\u00e1lez<\/a><\/h4>\n\t\t\t\t<ul style=\"margin-bottom:32px\"><li>University: <a href=\"http:\/\/www.uma.es\/\" target=\"_blank\" rel=\"nofollow\">Universidad de M\u00e1laga [Spain]<\/a><\/li><li>Position: Investigaci\u00f3n<\/li><li>ORCID: <a href=\"https:\/\/orcid.org\/0000-0002-7092-7691\" target=\"_blank\" rel=\"nofollow\">0000-0002-7092-7691<\/a><\/li><\/ul>\n\t\t\t\t<p>PhD in Art History from the University of Granada and archaeologist; \u201cMaster in Art History: Knowledge and Guardianship of Historical Heritage\u201d by the University of Granada, \u201cMaster in Archeology\u201d by the University of Granada, Master in Teaching by the University of M\u00e1laga. She has completed the Second Module of the Master \u201cArchitettura e Progetto por the University\u201d of Roma Tre. She currently works as a teaching fellow in the Department of Art History at the University of Malaga. At this University, she has teaching degrees in Tourism, Art History, and Industrial Design Engineering and Product Development.\r<\/p><p>\r<\/p><p>Her main line of research starts from the study of the architectural presence in archaeological sites as an instrument from which to return the archaeological heritage to the community.\r<\/p><p>\r<\/p><p>Since 2017 she has led the Research Project approved by the Ministry of Culture \u201cArchaeological interventions in the Talayotic town of Torre D\u00e9n Galm\u00e9s (Alaior). Systematic study of the constructive processes of Talayotic architecture\u201d.<\/p>\t\t\t\t<hr>\t\t\t\t\t\t\t\t\t\t\t\t<div class=\"alignright\" style=\"width:175px\">\n\t\t\t\t\t\t<img alt='Antonio Jes\u00fas Santana Guzm\u00e1n' src='https:\/\/legatum.iarthislab.eu\/wp-content\/uploads\/2021\/08\/asantana-150x150.jpg' class='avatar avatar-175 photo' height='175' width='175' \/>\t\t\t\t\t<\/div>\n\t\t\t\t\t\t\t\t<h4><a href=\"https:\/\/legatum.iarthislab.eu\/en_US\/author\/asantana\/\">Antonio Jes\u00fas Santana Guzm\u00e1n<\/a><\/h4>\n\t\t\t\t<ul style=\"margin-bottom:32px\"><li>University: <a href=\"http:\/\/www.uma.es\/\" target=\"_blank\" rel=\"nofollow\">Universidad de M\u00e1laga [Spain]<\/a><\/li><li>Position: Investigaci\u00f3n<\/li><li>ORCID: <a href=\"https:\/\/orcid.org\/0000-0001-8132-192X\" target=\"_blank\" rel=\"nofollow\">0000-0001-8132-192X<\/a><\/li><\/ul>\n\t\t\t\t<p>PhD (2016) and BA in Art History (2004) from the University of Malaga (UMA), he obtained the Certificate of Pedagogical Aptitude (CAP, 2005) from the Complutense University of Madrid.\r<\/p><p>\r<\/p><p>His main lines of research are: Heritage, Diffusion, Architecture and Urbanism, highlighting in them the enhancement and safeguarding of elements in danger of disappearance.\r<\/p><p>\r<\/p><p>He was a student at the University of \u00a0Roma Tre, Italy, within the Erasmus Program (2003-2004), at which point he began his contact and collaboration with various transalpine institutions.\r<\/p><p>\r<\/p><p>He enjoyed the National Training Program for University Teachers (FPU, 2005-2009) of the Ministry of Science and Innovation, attached to the Department of Art History of the UMA.\r<\/p><p>\r<\/p><p>Since the 2015 he is a Teaching Fellow and Research Personnel in the Department of Art History of the UMA, where he has taught in the degrees in Art History, History, Geography and Tourism.\r<\/p><p>\r<\/p><p>He is a member of the Spanish National Committee of ICOMOS.<\/p>\t\t\t\t<hr>\t\t\t\t\t\t\t\t\t\t\t\t<div class=\"alignright\" style=\"width:175px\">\n\t\t\t\t\t\t<img alt='Jos\u00e9 Ignacio Mayorga Chamorro' src='https:\/\/legatum.iarthislab.eu\/wp-content\/uploads\/2022\/02\/mayorgach-150x150.jpg' class='avatar avatar-175 photo' height='175' width='175' \/>\t\t\t\t\t<\/div>\n\t\t\t\t\t\t\t\t<h4><a href=\"https:\/\/legatum.iarthislab.eu\/en_US\/author\/mayorgach\/\">Jos\u00e9 Ignacio Mayorga Chamorro<\/a><\/h4>\n\t\t\t\t<ul style=\"margin-bottom:32px\"><li>University: <a href=\"http:\/\/www.uma.es\/\" target=\"_blank\" rel=\"nofollow\">Universidad de M\u00e1laga [Spain]<\/a><\/li><li>Position: Investigaci\u00f3n<\/li><li>ORCID: <a href=\"https:\/\/orcid.org\/0000-0003-1224-9471\" target=\"_blank\" rel=\"nofollow\">0000-0003-1224-9471<\/a><\/li><\/ul>\n\t\t\t\t<p>Ignacio Mayorga holds an International PhD in Advanced Studies in the Humanities (2019. UMA), a Master\u00b4s Degree in the Social Development of\u00a0Artistic Culture (2013. UMA), a Master\u00b4s Degree in Teaching (2014. UMA) and a Bachelor Degree in Art History (2012. UMA). Since 2015 he works in the Department of Art History of the University of Malaga, first with the National Training Program for University Teachers (FPU, 2015-2019), and now as a PhD Assistant Professor. In 2016, 2017 and 2018 he was Visiting Scholar at the National Autonomous University of Mexico (UNAM).\r<\/p><p>\r<\/p><p>His main line of research focuses in New Spanish Painting, Ibero-American Art, Visual Culture Studies and Religious Art. He has taught in these areas and made multiple publications, lectures and conference communications on the matter, some of them awarded.<\/p>\t\t\t\t<hr>\t\t\t\t\t\t\t\t\t\t\t\t<div class=\"alignright\" style=\"width:175px\">\n\t\t\t\t\t\t<img alt='Miguel \u00c1ngel Fuentes Torres' src='https:\/\/legatum.iarthislab.eu\/wp-content\/uploads\/2021\/08\/IMG_2491-min-150x150.jpg' class='avatar avatar-175 photo' height='175' width='175' \/>\t\t\t\t\t<\/div>\n\t\t\t\t\t\t\t\t<h4><a href=\"https:\/\/legatum.iarthislab.eu\/en_US\/author\/miguel_fuentes\/\">Miguel \u00c1ngel Fuentes Torres<\/a><\/h4>\n\t\t\t\t<ul style=\"margin-bottom:32px\"><li>University: <a href=\"http:\/\/www.uma.es\/\" target=\"_blank\" rel=\"nofollow\">Universidad de M\u00e1laga [Spain]<\/a><\/li><li>Position: Investigaci\u00f3n<\/li><li>ORCID: <a href=\"https:\/\/orcid.org\/0000-0002-3493-3533\" target=\"_blank\" rel=\"nofollow\">0000-0002-3493-3533<\/a><\/li><\/ul>\n\t\t\t\t<p>Degree in Geography and History, specialty History of Art from the University of Malaga. Diploma of Research Sufficiency and Advanced Studies (2001-2003) in BB.AA. and New Technologies by the same University, where he currently develops his doctoral thesis. He is a Technician in The Digitization of the Historical Heritage and in the Management of Projects of Digitization of the Historical Heritage by UNED.\r<\/p><p>\r<\/p><p>He currently develops teaching duties as Acting Substitute Professor in the Department of Art History of the University of Malaga, within the Degrees in Art History, Tourism and Industrial Design and Product Development. Curator of Exhibitions, he is Numerary Scholar of the Royal Academy of Noble Arts of Antequera, where he holds the positions of President of his Art Section and Director of the Permanent Seminary of Artistic Practices and Contemporary Culture. He has coordinated samples related to the dissemination of the Historical-Artistic Heritage. He collaborates with the Museum of the City of Antequera in the realization of different exhibition projects and conferences.<\/p>\t\t\t\t<hr>\t\t\t\t\t\t\t\t\t\t\t\t<div class=\"alignright\" style=\"width:175px\">\n\t\t\t\t\t\t<img alt='Modesta Di Paola' src='https:\/\/legatum.iarthislab.eu\/wp-content\/uploads\/2022\/02\/Foto-Di-paola-150x150.png' class='avatar avatar-175 photo' height='175' width='175' \/>\t\t\t\t\t<\/div>\n\t\t\t\t\t\t\t\t<h4><a href=\"https:\/\/legatum.iarthislab.eu\/en_US\/author\/modestadipaola\/\">Modesta Di Paola<\/a><\/h4>\n\t\t\t\t<ul style=\"margin-bottom:32px\"><li>University: <a href=\"http:\/\/www.uma.es\/\" target=\"_blank\" rel=\"nofollow\">Universidad de M\u00e1laga [Spain]<\/a><\/li><li>Position: Investigaci\u00f3n<\/li><li>ORCID: <a href=\"https:\/\/orcid.org\/0000-0002-4847-717X\" target=\"_blank\" rel=\"nofollow\">0000-0002-4847-717X<\/a><\/li><\/ul>\n\t\t\t\t<p>Modesta Di Paola holds a European PhD in Art History, Theory and Criticism from the University of Barcelona (Spain, 2015) and also in European Cultural Studies Internationally from the University of Palermo (Italy, 2016). She was visiting scholar at MIT (Cambridge, MA) and awarded a Fellowship from the Andrew Mellow Foundation to participate in the seminar The Problem of Translation at the Department of Comparative Literature of NYU. She is the author of the book L\u2019arte che traduce-La traduzione visuale nell\u2019opera di Antoni Muntadas (Mimesis, Milan 2017), editor of the books Nous Sommes Ici (We Are Here) (MuCEM, Marseille, France and Glifo Edizioni, Palermo, Italy, 2017), Cosmopolitics and Biopolitics. Ethics and Aesthetics in Contemporary Art (University of Barcelona Press, Barcelona 2018), and Lossy: Toward a Sensory Ecology (Aracne Editore, Roma, 2020). In 2019, she was the Guest-Editor of the monographic volume \u201cVisual Translation in Global Contexts\u201d for the Journal of Global Studies and Contemporary Art (vol. 6, 2019).<\/p>\t\t\t\t<hr>\t\t\t\t\t\t\t\t\t\t\t\t<div class=\"alignright\" style=\"width:175px\">\n\t\t\t\t\t\t<img alt='Marc Montijano Ca\u00f1ellas' src='https:\/\/legatum.iarthislab.eu\/wp-content\/uploads\/2022\/02\/Marc-Montijano-250x250-1-150x150.jpg' class='avatar avatar-175 photo' height='175' width='175' \/>\t\t\t\t\t<\/div>\n\t\t\t\t\t\t\t\t<h4><a href=\"https:\/\/legatum.iarthislab.eu\/en_US\/author\/marcmontijano\/\">Marc Montijano Ca\u00f1ellas<\/a><\/h4>\n\t\t\t\t<ul style=\"margin-bottom:32px\"><li>University: <a href=\"http:\/\/www.uma.es\/\" target=\"_blank\" rel=\"nofollow\">Universidad de M\u00e1laga [Spain]<\/a><\/li><li>Position: Investigaci\u00f3n<\/li><li>ORCID: <a href=\"https:\/\/orcid.org\/0000-0001-5887-194X\" target=\"_blank\" rel=\"nofollow\">0000-0001-5887-194X<\/a><\/li><\/ul>\n\t\t\t\t<p>PhD in Art History (UMA) and Postgraduate in Cultural Management, with Specialisation in Cultural Project Management (UOC). Member of the research group HUM 862 Estudios en Sociedad, Artes y Gesti\u00f3n Cultural (ESAGEC), University of Ja\u00e9n (UJA). Member of the Educational Innovation Project (PIE19-178) \u201cTransUMA (laboratorio de competencias transdisciplinares): Imaginando futuros posibles\", University of M\u00e1laga.\r<\/p><p>\r<\/p><p>The main lines of research that mark his curriculum are performance art, its analysis and history, and the investigation of its ramifications in society, through the concept of performativity; the aesthetics and theory of art today; and the role of new technologies and communication in the development of art and the divulgation of art history. In this profile is his PhD thesis, in addition to the work and publications that he has been doing in various national and international specialized publications. Highlighting the book <em>La performatividad, el laboratorio y el arte<\/em> (Brumaria, 2021), together with the CU of the University of Ja\u00e9n, Jos\u00e9 Luis Anta F\u00e9lez.\r<\/p><p>\r<\/p><p>In parallel, he has developed an intense artistic work, mainly linked to performance, which has allowed him a global approach to action art, both as a theorist and as a creator. Making numerous artistic projects in leading galleries, museums and art centers. He also directs the Laboratorio de Performance, a space for creation and research on live arts, in Villanueva del Rosario, Malaga.<\/p>\t\t\t\t<hr>\t\t\t\t\t\t\t\t\t\t\t\t<div class=\"alignright\" style=\"width:175px\">\n\t\t\t\t\t\t<img alt='Jos\u00e9 Galisteo Mart\u00ednez' src='https:\/\/legatum.iarthislab.eu\/wp-content\/uploads\/2021\/08\/Jose_Galisteo_Martinez-min-150x150.jpg' class='avatar avatar-175 photo' height='175' width='175' \/>\t\t\t\t\t<\/div>\n\t\t\t\t\t\t\t\t<h4><a href=\"https:\/\/legatum.iarthislab.eu\/en_US\/author\/pgalisteo\/\">Jos\u00e9 Galisteo Mart\u00ednez<\/a><\/h4>\n\t\t\t\t<ul style=\"margin-bottom:32px\"><li>University: <a href=\"http:\/\/www.uma.es\/\" target=\"_blank\" rel=\"nofollow\">Universidad de M\u00e1laga [Spain]<\/a><\/li><li>Position: Investigaci\u00f3n<\/li><li>ORCID: <a href=\"https:\/\/orcid.org\/0000-0002-4379-9743\" target=\"_blank\" rel=\"nofollow\">0000-0002-4379-9743<\/a><\/li><\/ul>\n\t\t\t\t<p>Jos\u00e9 GALISTEO MART\u00cdNEZ has a degree in Art History from the University of Granada and a Diploma of Advanced Studies and Research Proficiency from the University of Malaga. At present, he is Interim Substitute Professor of the Department of Art History at the University of Malaga and teaches the subject \"Cultural Heritage Management\" for the Degree in Tourism.\r<\/p><p>\r<\/p><p>His lines of research have been focusing on different historical-cultural aspects of the Modern and Contemporary Age, and Management of Cultural Heritage, mainly. He has collaborated in different national and international exhibition projects, as well as participating as a collaborator in the editing tasks of scientific journals, as well as in the preparation of conference proceedings or correction-editing of exhibition catalogs. Likewise, he has been linked to the municipal delegations of cultural, patrimonial and tourist fields of some local Cordovan entities.\r<\/p><p>\r<\/p><p>He is a member of the Interdisciplinary Group \"History of the Province of C\u00f3rdoba\" (HUM-781) of the Junta de Andaluc\u00eda.<\/p>\t\t\t\t<hr>\t\t\t\t\t\t\t\t\t\t\t\t<div class=\"alignright\" style=\"width:175px\">\n\t\t\t\t\t\t<img alt='Leticia Crespillo Mar\u00ed' src='https:\/\/legatum.iarthislab.eu\/wp-content\/uploads\/2022\/02\/IMG_3625_Leti-150x150.jpg' class='avatar avatar-175 photo' height='175' width='175' \/>\t\t\t\t\t<\/div>\n\t\t\t\t\t\t\t\t<h4><a href=\"https:\/\/legatum.iarthislab.eu\/en_US\/author\/makiabela\/\">Leticia Crespillo Mar\u00ed<\/a><\/h4>\n\t\t\t\t<ul style=\"margin-bottom:32px\"><li>University: <a href=\"http:\/\/www.uma.es\/\" target=\"_blank\" rel=\"nofollow\">Universidad de M\u00e1laga [Spain]<\/a><\/li><li>Position: Investigaci\u00f3n<\/li><li>ORCID: <a href=\"https:\/\/orcid.org\/0000-0001-8367-6580\" target=\"_blank\" rel=\"nofollow\">0000-0001-8367-6580<\/a><\/li><\/ul>\n\t\t\t\t<p>Melillense (1986), afincada en M\u00e1laga, Graduada en Historia del Arte (2015) y Diplomada en Turismo (2009) por la Universidad de M\u00e1laga. Curs\u00f3 el M\u00e1ster en Desarrollos Sociales de la Cultura Art\u00edstica (UMA) durante el a\u00f1o 2015-2016 y el M\u00e1ster de profesorado de Secundaria, Bachillerato y FP. L\u00ednea CC. SS: Geograf\u00eda e Historia y Filosof\u00eda (2018-2019). Actualmente realiza su tesis doctoral titulada Uso, presencia y registro de la luz en los procesos de recepci\u00f3n est\u00e9tica contempor\u00e1nea: una alternativa de registro catalogr\u00e1fico en realidad virtual para instalaciones y environments lum\u00ednicos contempor\u00e1neos; M\u00e1ster en Patrimonio Virtual (Virtualizaci\u00f3n y Restauraci\u00f3n del Patrimonio) de la Universidad de Alicante (2019-2020). Forma parte de varios grupos de investigaci\u00f3n dirigidos por la Dra. Nuria Rodr\u00edguez Ortega, como investigadora colaboradora y, actualmente, es codirectora de la Revista Iberoamericana, acad\u00e9mico-cient\u00edfica y Universitaria de Humanidades, Arte y Cultura Eviterna (ISSN: 2530-6014). Desde febrero de 2019 es Personal Investigador Predoctoral contratado (PIF) en el Departamento de Historia del Arte de la UMA.\r<\/p><p>\r<\/p><p>Especialista en Virtualizaci\u00f3n del Patrimonio y Restauraci\u00f3n Virtual, ha participado como ponente en varios congresos y seminarios relacionados con la cultura visual y las nuevas tecnolog\u00edas en el \u00e1mbito del museo y ha escrito varios art\u00edculos de diversa tem\u00e1tica relacionada con las posibilidades que la Realidad Virtual y el desarrollo 3D pueden ofrecer al \u00e1mbito de la recepci\u00f3n del arte, sobre todo, en relaci\u00f3n con manifestaciones de car\u00e1cter intangible (presencia, percepci\u00f3n, desarrollo emocional, coparticipaci\u00f3n en la obra, psicolog\u00eda y fenomenolog\u00eda de la percepci\u00f3n individual). Actualmente, trabaja con herramientas de modelado y visualizaci\u00f3n 3D, as\u00ed como con t\u00e9cnicas de fotogrametr\u00eda. En la actualidad se encuentra investigando acerca de las posibilidades que la realidad virtual ofrece a la Museograf\u00eda actual e imparte eventualmente seminarios dentro del proyecto de laboratorio de formaci\u00f3n transversal Trans-UMA promovido por el grupo de investigaci\u00f3n iArtHis_Lab.<\/p>\t\t\t\t<br>\t\t\t\n","protected":false},"excerpt":{"rendered":"<p>People involved in Legatum are part of a human group \u2013fortunately increasingly broad\u2013 heavily concerned with respecting and caring for the historical, artistic, cultural and natural heritage of its environment. A short list can be useful to get an overview of their career paths. They all have academic ties, especially with the University of Malaga, [&hellip;]<\/p>\n","protected":false},"author":1,"featured_media":0,"parent":0,"menu_order":0,"comment_status":"closed","ping_status":"closed","template":"","meta":{"footnotes":""},"categories":[],"tags":[],"class_list":["post-39","page","type-page","status-publish","hentry"],"_links":{"self":[{"href":"https:\/\/legatum.iarthislab.eu\/en_US\/wp-json\/wp\/v2\/pages\/39","targetHints":{"allow":["GET"]}}],"collection":[{"href":"https:\/\/legatum.iarthislab.eu\/en_US\/wp-json\/wp\/v2\/pages"}],"about":[{"href":"https:\/\/legatum.iarthislab.eu\/en_US\/wp-json\/wp\/v2\/types\/page"}],"author":[{"embeddable":true,"href":"https:\/\/legatum.iarthislab.eu\/en_US\/wp-json\/wp\/v2\/users\/1"}],"replies":[{"embeddable":true,"href":"https:\/\/legatum.iarthislab.eu\/en_US\/wp-json\/wp\/v2\/comments?post=39"}],"version-history":[{"count":3,"href":"https:\/\/legatum.iarthislab.eu\/en_US\/wp-json\/wp\/v2\/pages\/39\/revisions"}],"predecessor-version":[{"id":288,"href":"https:\/\/legatum.iarthislab.eu\/en_US\/wp-json\/wp\/v2\/pages\/39\/revisions\/288"}],"wp:attachment":[{"href":"https:\/\/legatum.iarthislab.eu\/en_US\/wp-json\/wp\/v2\/media?parent=39"}],"wp:term":[{"taxonomy":"category","embeddable":true,"href":"https:\/\/legatum.iarthislab.eu\/en_US\/wp-json\/wp\/v2\/categories?post=39"},{"taxonomy":"post_tag","embeddable":true,"href":"https:\/\/legatum.iarthislab.eu\/en_US\/wp-json\/wp\/v2\/tags?post=39"}],"curies":[{"name":"wp","href":"https:\/\/api.w.org\/{rel}","templated":true}]}}